{"id":6563,"date":"2022-04-28T15:25:52","date_gmt":"2022-04-28T13:25:52","guid":{"rendered":"https:\/\/www.centreromanic.com\/resources\/"},"modified":"2024-09-05T12:56:42","modified_gmt":"2024-09-05T10:56:42","slug":"resources","status":"publish","type":"page","link":"https:\/\/www.centreromanic.com\/en\/resources\/","title":{"rendered":"Resources"},"content":{"rendered":"\t\t<div data-elementor-type=\"wp-post\" data-elementor-id=\"6563\" class=\"elementor elementor-6563 elementor-2807\" data-elementor-post-type=\"page\">\n\t\t\t\t\t\t<section class=\"elementor-section elementor-top-section elementor-element elementor-element-6407b41 elementor-section-boxed elementor-section-height-default elementor-section-height-default\" data-id=\"6407b41\" data-element_type=\"section\" data-e-type=\"section\">\n\t\t\t\t\t\t<div class=\"elementor-container elementor-column-gap-default\">\n\t\t\t\t\t<div class=\"elementor-column elementor-col-100 elementor-top-column elementor-element elementor-element-94e57ba\" data-id=\"94e57ba\" data-element_type=\"column\" data-e-type=\"column\">\n\t\t\t<div class=\"elementor-widget-wrap elementor-element-populated\">\n\t\t\t\t\t\t<div class=\"elementor-element elementor-element-508e0b4 elementor-widget elementor-widget-heading\" data-id=\"508e0b4\" data-element_type=\"widget\" data-e-type=\"widget\" data-widget_type=\"heading.default\">\n\t\t\t\t<div class=\"elementor-widget-container\">\n\t\t\t\t\t<h1 class=\"elementor-heading-title elementor-size-default\">Resources<\/h1>\t\t\t\t<\/div>\n\t\t\t\t<\/div>\n\t\t\t\t\t<\/div>\n\t\t<\/div>\n\t\t\t\t\t<\/div>\n\t\t<\/section>\n\t\t\t\t<section class=\"elementor-section elementor-top-section elementor-element elementor-element-c662180 elementor-section-boxed elementor-section-height-default elementor-section-height-default\" data-id=\"c662180\" data-element_type=\"section\" data-e-type=\"section\">\n\t\t\t\t\t\t<div class=\"elementor-container elementor-column-gap-default\">\n\t\t\t\t\t<div class=\"elementor-column elementor-col-100 elementor-top-column elementor-element elementor-element-016ef51\" data-id=\"016ef51\" data-element_type=\"column\" data-e-type=\"column\">\n\t\t\t<div class=\"elementor-widget-wrap elementor-element-populated\">\n\t\t\t\t\t\t<div class=\"elementor-element elementor-element-788d3b8 premium-blog-align-left elementor-widget elementor-widget-premium-addon-blog\" data-id=\"788d3b8\" data-element_type=\"widget\" data-e-type=\"widget\" data-settings=\"{&quot;premium_blog_columns_number_mobile&quot;:&quot;50%&quot;,&quot;custom_posts_filter&quot;:[&quot;1431&quot;,&quot;1491&quot;,&quot;1605&quot;,&quot;1693&quot;,&quot;13933&quot;],&quot;premium_blog_grid&quot;:&quot;yes&quot;,&quot;premium_blog_layout&quot;:&quot;even&quot;,&quot;premium_blog_columns_number&quot;:&quot;50%&quot;,&quot;premium_blog_columns_number_tablet&quot;:&quot;50%&quot;}\" data-widget_type=\"premium-addon-blog.default\">\n\t\t\t\t<div class=\"elementor-widget-container\">\n\t\t\t\t\t\n\t\t\t\t<div class=\"premium-blog-wrap  premium-blog-even\" data-page=\"6563\">\n\t\t\t\t\t<div class=\"premium-blog-post-outer-container\" data-total=\"1\">\r\n\t\t\t<div class=\"premium-blog-post-container premium-blog-skin-cards\">\r\n\t\t\t\t\t\t\t\t\t<div class=\"premium-blog-thumb-effect-wrapper\">\r\n\t\t\t\t\t\t<div class=\"premium-blog-thumbnail-container premium-blog-zoomin-effect\">\r\n\t\t\t\t\t\t\t\t\t\t\t<a href=\"https:\/\/www.centreromanic.com\/en\/video-mapping\/\" target=\"_self\">\r\n\t\t\t\t<img fetchpriority=\"high\" decoding=\"async\" width=\"2000\" height=\"1333\" src=\"https:\/\/www.centreromanic.com\/wp-content\/uploads\/2022\/03\/projeccio_mapping_3_gran-1.jpeg\" class=\"attachment-full size-full wp-image-5611\" alt=\"\" srcset=\"https:\/\/www.centreromanic.com\/wp-content\/uploads\/2022\/03\/projeccio_mapping_3_gran-1.jpeg 2000w, https:\/\/www.centreromanic.com\/wp-content\/uploads\/2022\/03\/projeccio_mapping_3_gran-1-300x200.jpeg 300w, https:\/\/www.centreromanic.com\/wp-content\/uploads\/2022\/03\/projeccio_mapping_3_gran-1-1024x682.jpeg 1024w, https:\/\/www.centreromanic.com\/wp-content\/uploads\/2022\/03\/projeccio_mapping_3_gran-1-768x512.jpeg 768w, https:\/\/www.centreromanic.com\/wp-content\/uploads\/2022\/03\/projeccio_mapping_3_gran-1-1536x1024.jpeg 1536w, https:\/\/www.centreromanic.com\/wp-content\/uploads\/2022\/03\/projeccio_mapping_3_gran-1-1250x833.jpeg 1250w\" sizes=\"(max-width: 2000px) 100vw, 2000px\" \/>\t\t\t\t<\/a>\r\n\t\t\t\t\t\t\t\t\t\t<\/div>\r\n\t\t\t\t\t\t\t\t\t\t\t\t\t<div class=\"premium-blog-effect-container premium-blog-framed-effect\">\r\n\t\t\t\t\t\t\t\t<a class=\"premium-blog-post-link\" href=\"https:\/\/www.centreromanic.com\/en\/video-mapping\/\" target=\"_self\"><span>Video Mapping<\/span><\/a>\r\n\t\t\t\t\t\t\t\t\t\t\t\t\t\t\t<\/div>\r\n\t\t\t\t\t\t\t\t\t\t\t<\/div>\r\n\t\t\t\t\t\t\t\t\t\t\t\t\t\t\t\t\t\t\t\t\t<div class=\"premium-blog-content-wrapper \">\r\n\r\n\t\t\t\t\t<div class=\"premium-blog-inner-container\">\r\n\r\n\t\t\t\t\t\t\t\t\t\t\t\t\t\t<h2 class=\"premium-blog-entry-title\">\r\n\t\t\t<a href=\"https:\/\/www.centreromanic.com\/en\/video-mapping\/\" target=\"_self\">\r\n\t\t\t\tVideo Mapping\t\t\t<\/a>\r\n\t\t<\/h2>\r\n\t\t\r\n\t\t\t\t\t<\/div>\r\n\r\n\t\t\t\t\t\t\t<div class=\"premium-blog-entry-meta\">\r\n\t\t\t\r\n\t\t\t\r\n\t\t\t\r\n\t\t\t\t\t<\/div>\r\n\t\t\t\t\t\t\t\r\n\t\t\t\t<\/div>\r\n\t\t\t<\/div>\r\n\t\t<\/div>\r\n\r\n\t\t\t\t<div class=\"premium-blog-post-outer-container\" data-total=\"1\">\r\n\t\t\t<div class=\"premium-blog-post-container premium-blog-skin-cards\">\r\n\t\t\t\t\t\t\t\t\t<div class=\"premium-blog-thumb-effect-wrapper\">\r\n\t\t\t\t\t\t<div class=\"premium-blog-thumbnail-container premium-blog-zoomin-effect\">\r\n\t\t\t\t\t\t\t\t\t\t\t<a href=\"https:\/\/www.centreromanic.com\/en\/virtual-visits\/\" target=\"_self\">\r\n\t\t\t\t<img decoding=\"async\" width=\"1241\" height=\"885\" src=\"https:\/\/www.centreromanic.com\/wp-content\/uploads\/2023\/02\/Sant-Climent.jpg\" class=\"attachment-full size-full wp-image-6347\" alt=\"\" srcset=\"https:\/\/www.centreromanic.com\/wp-content\/uploads\/2023\/02\/Sant-Climent.jpg 1241w, https:\/\/www.centreromanic.com\/wp-content\/uploads\/2023\/02\/Sant-Climent-300x214.jpg 300w, https:\/\/www.centreromanic.com\/wp-content\/uploads\/2023\/02\/Sant-Climent-1024x730.jpg 1024w, https:\/\/www.centreromanic.com\/wp-content\/uploads\/2023\/02\/Sant-Climent-768x548.jpg 768w\" sizes=\"(max-width: 1241px) 100vw, 1241px\" \/>\t\t\t\t<\/a>\r\n\t\t\t\t\t\t\t\t\t\t<\/div>\r\n\t\t\t\t\t\t\t\t\t\t\t\t\t<div class=\"premium-blog-effect-container premium-blog-framed-effect\">\r\n\t\t\t\t\t\t\t\t<a class=\"premium-blog-post-link\" href=\"https:\/\/www.centreromanic.com\/en\/virtual-visits\/\" target=\"_self\"><span>Virtual visits<\/span><\/a>\r\n\t\t\t\t\t\t\t\t\t\t\t\t\t\t\t<\/div>\r\n\t\t\t\t\t\t\t\t\t\t\t<\/div>\r\n\t\t\t\t\t\t\t\t\t\t\t\t\t\t\t\t\t\t\t\t\t<div class=\"premium-blog-content-wrapper \">\r\n\r\n\t\t\t\t\t<div class=\"premium-blog-inner-container\">\r\n\r\n\t\t\t\t\t\t\t\t\t\t\t\t\t\t<h2 class=\"premium-blog-entry-title\">\r\n\t\t\t<a href=\"https:\/\/www.centreromanic.com\/en\/virtual-visits\/\" target=\"_self\">\r\n\t\t\t\tVirtual visits\t\t\t<\/a>\r\n\t\t<\/h2>\r\n\t\t\r\n\t\t\t\t\t<\/div>\r\n\r\n\t\t\t\t\t\t\t<div class=\"premium-blog-entry-meta\">\r\n\t\t\t\r\n\t\t\t\r\n\t\t\t\r\n\t\t\t\t\t<\/div>\r\n\t\t\t\t\t\t\t\r\n\t\t\t\t<\/div>\r\n\t\t\t<\/div>\r\n\t\t<\/div>\r\n\r\n\t\t\t\t<div class=\"premium-blog-post-outer-container\" data-total=\"1\">\r\n\t\t\t<div class=\"premium-blog-post-container premium-blog-skin-cards\">\r\n\t\t\t\t\t\t\t\t\t<div class=\"premium-blog-thumb-effect-wrapper\">\r\n\t\t\t\t\t\t<div class=\"premium-blog-thumbnail-container premium-blog-zoomin-effect\">\r\n\t\t\t\t\t\t\t\t\t\t\t<a href=\"https:\/\/www.centreromanic.com\/en\/romanesque-for-children\/\" target=\"_self\">\r\n\t\t\t\t<img decoding=\"async\" width=\"1441\" height=\"957\" src=\"https:\/\/www.centreromanic.com\/wp-content\/uploads\/2023\/03\/DSC0431-copia.jpg\" class=\"attachment-full size-full wp-image-7928\" alt=\"\" srcset=\"https:\/\/www.centreromanic.com\/wp-content\/uploads\/2023\/03\/DSC0431-copia.jpg 1441w, https:\/\/www.centreromanic.com\/wp-content\/uploads\/2023\/03\/DSC0431-copia-300x199.jpg 300w, https:\/\/www.centreromanic.com\/wp-content\/uploads\/2023\/03\/DSC0431-copia-1024x680.jpg 1024w, https:\/\/www.centreromanic.com\/wp-content\/uploads\/2023\/03\/DSC0431-copia-768x510.jpg 768w, https:\/\/www.centreromanic.com\/wp-content\/uploads\/2023\/03\/DSC0431-copia-1250x830.jpg 1250w\" sizes=\"(max-width: 1441px) 100vw, 1441px\" \/>\t\t\t\t<\/a>\r\n\t\t\t\t\t\t\t\t\t\t<\/div>\r\n\t\t\t\t\t\t\t\t\t\t\t\t\t<div class=\"premium-blog-effect-container premium-blog-framed-effect\">\r\n\t\t\t\t\t\t\t\t<a class=\"premium-blog-post-link\" href=\"https:\/\/www.centreromanic.com\/en\/romanesque-for-children\/\" target=\"_self\"><span>Romanesque for children<\/span><\/a>\r\n\t\t\t\t\t\t\t\t\t\t\t\t\t\t\t<\/div>\r\n\t\t\t\t\t\t\t\t\t\t\t<\/div>\r\n\t\t\t\t\t\t\t\t\t\t\t\t\t\t\t\t\t\t\t\t\t<div class=\"premium-blog-content-wrapper \">\r\n\r\n\t\t\t\t\t<div class=\"premium-blog-inner-container\">\r\n\r\n\t\t\t\t\t\t\t\t\t\t\t\t\t\t<h2 class=\"premium-blog-entry-title\">\r\n\t\t\t<a href=\"https:\/\/www.centreromanic.com\/en\/romanesque-for-children\/\" target=\"_self\">\r\n\t\t\t\tRomanesque for children\t\t\t<\/a>\r\n\t\t<\/h2>\r\n\t\t\r\n\t\t\t\t\t<\/div>\r\n\r\n\t\t\t\t\t\t\t<div class=\"premium-blog-entry-meta\">\r\n\t\t\t\r\n\t\t\t\r\n\t\t\t\r\n\t\t\t\t\t<\/div>\r\n\t\t\t\t\t\t\t\r\n\t\t\t\t<\/div>\r\n\t\t\t<\/div>\r\n\t\t<\/div>\r\n\r\n\t\t\t\t<div class=\"premium-blog-post-outer-container\" data-total=\"1\">\r\n\t\t\t<div class=\"premium-blog-post-container premium-blog-skin-cards\">\r\n\t\t\t\t\t\t\t\t\t<div class=\"premium-blog-thumb-effect-wrapper\">\r\n\t\t\t\t\t\t<div class=\"premium-blog-thumbnail-container premium-blog-zoomin-effect\">\r\n\t\t\t\t\t\t\t\t\t\t\t<a href=\"https:\/\/www.centreromanic.com\/en\/brochures\/\" target=\"_self\">\r\n\t\t\t\t<img loading=\"lazy\" decoding=\"async\" width=\"636\" height=\"636\" src=\"https:\/\/www.centreromanic.com\/wp-content\/uploads\/2022\/09\/Publicacio\u0301-co\u0300pia-3.jpg\" class=\"attachment-full size-full wp-image-6054\" alt=\"\" srcset=\"https:\/\/www.centreromanic.com\/wp-content\/uploads\/2022\/09\/Publicacio\u0301-co\u0300pia-3.jpg 636w, https:\/\/www.centreromanic.com\/wp-content\/uploads\/2022\/09\/Publicacio\u0301-co\u0300pia-3-300x300.jpg 300w, https:\/\/www.centreromanic.com\/wp-content\/uploads\/2022\/09\/Publicacio\u0301-co\u0300pia-3-150x150.jpg 150w, https:\/\/www.centreromanic.com\/wp-content\/uploads\/2022\/09\/Publicacio\u0301-co\u0300pia-3-600x600.jpg 600w, https:\/\/www.centreromanic.com\/wp-content\/uploads\/2022\/09\/Publicacio\u0301-co\u0300pia-3-100x100.jpg 100w\" sizes=\"(max-width: 636px) 100vw, 636px\" \/>\t\t\t\t<\/a>\r\n\t\t\t\t\t\t\t\t\t\t<\/div>\r\n\t\t\t\t\t\t\t\t\t\t\t\t\t<div class=\"premium-blog-effect-container premium-blog-framed-effect\">\r\n\t\t\t\t\t\t\t\t<a class=\"premium-blog-post-link\" href=\"https:\/\/www.centreromanic.com\/en\/brochures\/\" target=\"_self\"><span>Brochures<\/span><\/a>\r\n\t\t\t\t\t\t\t\t\t\t\t\t\t\t\t<\/div>\r\n\t\t\t\t\t\t\t\t\t\t\t<\/div>\r\n\t\t\t\t\t\t\t\t\t\t\t\t\t\t\t\t\t\t\t\t\t<div class=\"premium-blog-content-wrapper \">\r\n\r\n\t\t\t\t\t<div class=\"premium-blog-inner-container\">\r\n\r\n\t\t\t\t\t\t\t\t\t\t\t\t\t\t<h2 class=\"premium-blog-entry-title\">\r\n\t\t\t<a href=\"https:\/\/www.centreromanic.com\/en\/brochures\/\" target=\"_self\">\r\n\t\t\t\tBrochures\t\t\t<\/a>\r\n\t\t<\/h2>\r\n\t\t\r\n\t\t\t\t\t<\/div>\r\n\r\n\t\t\t\t\t\t\t<div class=\"premium-blog-entry-meta\">\r\n\t\t\t\r\n\t\t\t\r\n\t\t\t\r\n\t\t\t\t\t<\/div>\r\n\t\t\t\t\t\t\t\r\n\t\t\t\t<\/div>\r\n\t\t\t<\/div>\r\n\t\t<\/div>\r\n\r\n\t\t\t\t<\/div>\n\n\t\t\t\t\t\t<\/div>\n\t\t\t\t<\/div>\n\t\t\t\t\t<\/div>\n\t\t<\/div>\n\t\t\t\t\t<\/div>\n\t\t<\/section>\n\t\t\t\t<\/div>\n\t\t","protected":false},"excerpt":{"rendered":"<p>Resources V\u00eddeo Mapping V\u00eddeo Mapping Visites virtuals Visites virtuals Rom\u00e0nic per nens i nenes Rom\u00e0nic per nens i nenes Fulletons Fulletons Quadernets Quadernets<\/p>\n","protected":false},"author":1,"featured_media":0,"parent":0,"menu_order":0,"comment_status":"closed","ping_status":"closed","template":"elementor_header_footer","meta":{"footnotes":""},"class_list":["post-6563","page","type-page","status-publish","hentry"],"aioseo_notices":[],"_links":{"self":[{"href":"https:\/\/www.centreromanic.com\/en\/wp-json\/wp\/v2\/pages\/6563","targetHints":{"allow":["GET"]}}],"collection":[{"href":"https:\/\/www.centreromanic.com\/en\/wp-json\/wp\/v2\/pages"}],"about":[{"href":"https:\/\/www.centreromanic.com\/en\/wp-json\/wp\/v2\/types\/page"}],"author":[{"embeddable":true,"href":"https:\/\/www.centreromanic.com\/en\/wp-json\/wp\/v2\/users\/1"}],"replies":[{"embeddable":true,"href":"https:\/\/www.centreromanic.com\/en\/wp-json\/wp\/v2\/comments?post=6563"}],"version-history":[{"count":0,"href":"https:\/\/www.centreromanic.com\/en\/wp-json\/wp\/v2\/pages\/6563\/revisions"}],"wp:attachment":[{"href":"https:\/\/www.centreromanic.com\/en\/wp-json\/wp\/v2\/media?parent=6563"}],"curies":[{"name":"wp","href":"https:\/\/api.w.org\/{rel}","templated":true}]}}