{"id":4998,"date":"2022-03-21T12:22:15","date_gmt":"2022-03-21T10:22:15","guid":{"rendered":"https:\/\/www.centreromanic.com\/video-mapping\/"},"modified":"2024-07-25T14:09:10","modified_gmt":"2024-07-25T12:09:10","slug":"video-mapping","status":"publish","type":"page","link":"https:\/\/www.centreromanic.com\/es\/video-mapping\/","title":{"rendered":"Video Mapping"},"content":{"rendered":"\t\t<div data-elementor-type=\"wp-post\" data-elementor-id=\"4998\" class=\"elementor elementor-4998 elementor-1431\" data-elementor-post-type=\"page\">\n\t\t\t\t\t\t<section class=\"elementor-section elementor-top-section elementor-element elementor-element-1e3c0eb elementor-section-full_width elementor-section-height-default elementor-section-height-default\" data-id=\"1e3c0eb\" data-element_type=\"section\" data-e-type=\"section\">\n\t\t\t\t\t\t<div class=\"elementor-container elementor-column-gap-no\">\n\t\t\t\t\t<div class=\"elementor-column elementor-col-100 elementor-top-column elementor-element elementor-element-37b2674\" data-id=\"37b2674\" data-element_type=\"column\" data-e-type=\"column\">\n\t\t\t<div class=\"elementor-widget-wrap elementor-element-populated\">\n\t\t\t\t\t\t<div class=\"elementor-element elementor-element-9a48ff6 elementor--h-position-left elementor--v-position-bottom elementor-arrows-position-inside elementor-pagination-position-inside elementor-widget elementor-widget-slides\" data-id=\"9a48ff6\" data-element_type=\"widget\" data-e-type=\"widget\" data-settings=\"{&quot;navigation&quot;:&quot;both&quot;,&quot;autoplay&quot;:&quot;yes&quot;,&quot;pause_on_hover&quot;:&quot;yes&quot;,&quot;pause_on_interaction&quot;:&quot;yes&quot;,&quot;autoplay_speed&quot;:5000,&quot;infinite&quot;:&quot;yes&quot;,&quot;transition&quot;:&quot;slide&quot;,&quot;transition_speed&quot;:500}\" data-widget_type=\"slides.default\">\n\t\t\t\t<div class=\"elementor-widget-container\">\n\t\t\t\t\t\t\t\t\t<div class=\"elementor-swiper\">\n\t\t\t\t\t<div class=\"elementor-slides-wrapper elementor-main-swiper swiper\" role=\"region\" aria-roledescription=\"carousel\" aria-label=\"Diapositivas\" dir=\"ltr\" data-animation=\"fadeInDown\">\n\t\t\t\t<div class=\"swiper-wrapper elementor-slides\">\n\t\t\t\t\t\t\t\t\t\t<div class=\"elementor-repeater-item-4b38e46 swiper-slide\" role=\"group\" aria-roledescription=\"slide\"><div class=\"swiper-slide-bg\" role=\"img\" aria-label=\"Sant Climent de Ta\u00fcll\"><\/div><div class=\"swiper-slide-inner\" ><div class=\"swiper-slide-contents\"><div class=\"elementor-slide-heading\">Video Mapping<\/div><\/div><\/div><\/div>\t\t\t\t<\/div>\n\t\t\t\t\t\t\t<\/div>\n\t\t\t\t<\/div>\n\t\t\t\t\t\t\t\t<\/div>\n\t\t\t\t<\/div>\n\t\t\t\t\t<\/div>\n\t\t<\/div>\n\t\t\t\t\t<\/div>\n\t\t<\/section>\n\t\t\t\t<section class=\"elementor-section elementor-top-section elementor-element elementor-element-ebdbd2a elementor-section-boxed elementor-section-height-default elementor-section-height-default\" data-id=\"ebdbd2a\" data-element_type=\"section\" data-e-type=\"section\">\n\t\t\t\t\t\t<div class=\"elementor-container elementor-column-gap-default\">\n\t\t\t\t\t<div class=\"elementor-column elementor-col-50 elementor-top-column elementor-element elementor-element-dda7c18\" data-id=\"dda7c18\" data-element_type=\"column\" data-e-type=\"column\">\n\t\t\t<div class=\"elementor-widget-wrap elementor-element-populated\">\n\t\t\t\t\t\t<div class=\"elementor-element elementor-element-0b7c505 elementor-widget elementor-widget-text-editor\" data-id=\"0b7c505\" data-element_type=\"widget\" data-e-type=\"widget\" data-widget_type=\"text-editor.default\">\n\t\t\t\t<div class=\"elementor-widget-container\">\n\t\t\t\t\t\t\t\t\t<p>Las pinturas rom\u00e1nicas de la iglesia de Sant Climent de Ta\u00fcll, una de las joyas m\u00e1s importantes del rom\u00e1nico catal\u00e1n tiene una innovadora presentaci\u00f3n a trav\u00e9s de un video mapping que recrea los frescos originales en el \u00e1bside mayor y el presbiterio de la nave central. La pintura original data del siglo XII y actualmente se conserva en el Museu Nacional d\u2019Art de Catalunya en Barcelona, MNAC.<\/p>\n<p>Desde los a\u00f1os 60 en la iglesia hab\u00eda copia de los originales pintada sobre yeso que se estaba degradando. Despu\u00e9s de desmontar la antigua copia se realiz\u00f3 un minucioso proceso de restauraci\u00f3n que puso al descubierto restos de la pintura original que se hab\u00edan conservado en las capas profundas de las paredes del \u00e1bside.<\/p>\n<p>El objetivo de este mapping es restituir virtual y digitalmente las pinturas originales en su lugar de origen, la iglesia de Sant Climent de Ta\u00fcll, y tambi\u00e9n reproducir el conjunto pict\u00f3rico completo tal como era en el a\u00f1o 1123. La presentaci\u00f3n audiovisual ayuda al visitante a entender la t\u00e9cnica pict\u00f3rica de los frescos rom\u00e1nicos y a la vez descubrir las diferentes representaciones iconogr\u00e1ficas que componen esta pintura mural de alta carga art\u00edstica y religiosa.<\/p>\n\t\t\t\t\t\t\t\t<\/div>\n\t\t\t\t<\/div>\n\t\t\t\t\t<\/div>\n\t\t<\/div>\n\t\t\t\t<div class=\"elementor-column elementor-col-50 elementor-top-column elementor-element elementor-element-b61e4a8\" data-id=\"b61e4a8\" data-element_type=\"column\" data-e-type=\"column\" data-settings=\"{&quot;background_background&quot;:&quot;classic&quot;}\">\n\t\t\t<div class=\"elementor-widget-wrap elementor-element-populated\">\n\t\t\t\t\t\t<div class=\"elementor-element elementor-element-4674a7c elementor-widget elementor-widget-heading\" data-id=\"4674a7c\" data-element_type=\"widget\" data-e-type=\"widget\" data-widget_type=\"heading.default\">\n\t\t\t\t<div class=\"elementor-widget-container\">\n\t\t\t\t\t<h3 class=\"elementor-heading-title elementor-size-default\">\u00bfD\u00f3nde y cu\u00e1ndo ver el V\u00eddeo mapping?<\/h3>\t\t\t\t<\/div>\n\t\t\t\t<\/div>\n\t\t\t\t<div class=\"elementor-element elementor-element-857d8d4 elementor-position-left elementor-vertical-align-top elementor-widget elementor-widget-image-box\" data-id=\"857d8d4\" data-element_type=\"widget\" data-e-type=\"widget\" data-widget_type=\"image-box.default\">\n\t\t\t\t<div class=\"elementor-widget-container\">\n\t\t\t\t\t<div class=\"elementor-image-box-wrapper\"><figure class=\"elementor-image-box-img\"><a href=\"https:\/\/www.centreromanic.com\/es\/iglesia\/sant-climent-de-taull\/\" tabindex=\"-1\"><img fetchpriority=\"high\" decoding=\"async\" width=\"1800\" height=\"1800\" src=\"https:\/\/www.centreromanic.com\/wp-content\/uploads\/2022\/03\/Ubicacio-GoogleMaps.png\" class=\"attachment-full size-full wp-image-4670\" alt=\"\" srcset=\"https:\/\/www.centreromanic.com\/wp-content\/uploads\/2022\/03\/Ubicacio-GoogleMaps.png 1800w, https:\/\/www.centreromanic.com\/wp-content\/uploads\/2022\/03\/Ubicacio-GoogleMaps-300x300.png 300w, https:\/\/www.centreromanic.com\/wp-content\/uploads\/2022\/03\/Ubicacio-GoogleMaps-1024x1024.png 1024w, https:\/\/www.centreromanic.com\/wp-content\/uploads\/2022\/03\/Ubicacio-GoogleMaps-150x150.png 150w, https:\/\/www.centreromanic.com\/wp-content\/uploads\/2022\/03\/Ubicacio-GoogleMaps-768x768.png 768w, https:\/\/www.centreromanic.com\/wp-content\/uploads\/2022\/03\/Ubicacio-GoogleMaps-1536x1536.png 1536w, https:\/\/www.centreromanic.com\/wp-content\/uploads\/2022\/03\/Ubicacio-GoogleMaps-600x600.png 600w, https:\/\/www.centreromanic.com\/wp-content\/uploads\/2022\/03\/Ubicacio-GoogleMaps-1250x1250.png 1250w, https:\/\/www.centreromanic.com\/wp-content\/uploads\/2022\/03\/Ubicacio-GoogleMaps-100x100.png 100w\" sizes=\"(max-width: 1800px) 100vw, 1800px\" \/><\/a><\/figure><div class=\"elementor-image-box-content\"><h3 class=\"elementor-image-box-title\"><a href=\"https:\/\/www.centreromanic.com\/es\/iglesia\/sant-climent-de-taull\/\">Iglesia de Sant Climent de Ta\u00fcll<\/a><\/h3><\/div><\/div>\t\t\t\t<\/div>\n\t\t\t\t<\/div>\n\t\t\t\t<div class=\"elementor-element elementor-element-337673f elementor-position-left elementor-vertical-align-top elementor-widget elementor-widget-image-box\" data-id=\"337673f\" data-element_type=\"widget\" data-e-type=\"widget\" data-widget_type=\"image-box.default\">\n\t\t\t\t<div class=\"elementor-widget-container\">\n\t\t\t\t\t<div class=\"elementor-image-box-wrapper\"><figure class=\"elementor-image-box-img\"><a href=\"https:\/\/www.centreromanic.com\/es\/iglesia\/sant-climent-de-taull\/\" tabindex=\"-1\"><img decoding=\"async\" width=\"1800\" height=\"1800\" src=\"https:\/\/www.centreromanic.com\/wp-content\/uploads\/2022\/03\/Calendar-web.png\" class=\"attachment-full size-full wp-image-4667\" alt=\"\" srcset=\"https:\/\/www.centreromanic.com\/wp-content\/uploads\/2022\/03\/Calendar-web.png 1800w, https:\/\/www.centreromanic.com\/wp-content\/uploads\/2022\/03\/Calendar-web-300x300.png 300w, https:\/\/www.centreromanic.com\/wp-content\/uploads\/2022\/03\/Calendar-web-1024x1024.png 1024w, https:\/\/www.centreromanic.com\/wp-content\/uploads\/2022\/03\/Calendar-web-150x150.png 150w, https:\/\/www.centreromanic.com\/wp-content\/uploads\/2022\/03\/Calendar-web-768x768.png 768w, https:\/\/www.centreromanic.com\/wp-content\/uploads\/2022\/03\/Calendar-web-1536x1536.png 1536w, https:\/\/www.centreromanic.com\/wp-content\/uploads\/2022\/03\/Calendar-web-600x600.png 600w, https:\/\/www.centreromanic.com\/wp-content\/uploads\/2022\/03\/Calendar-web-1250x1250.png 1250w, https:\/\/www.centreromanic.com\/wp-content\/uploads\/2022\/03\/Calendar-web-100x100.png 100w\" sizes=\"(max-width: 1800px) 100vw, 1800px\" \/><\/a><\/figure><div class=\"elementor-image-box-content\"><h3 class=\"elementor-image-box-title\"><a href=\"https:\/\/www.centreromanic.com\/es\/iglesia\/sant-climent-de-taull\/\">Consulta los d\u00edas horarios para visitar el v\u00eddeo mapping<\/a><\/h3><\/div><\/div>\t\t\t\t<\/div>\n\t\t\t\t<\/div>\n\t\t\t\t<div class=\"elementor-element elementor-element-bb47fcd elementor-align-left elementor-mobile-align-center elementor-widget elementor-widget-button\" data-id=\"bb47fcd\" data-element_type=\"widget\" data-e-type=\"widget\" data-widget_type=\"button.default\">\n\t\t\t\t<div class=\"elementor-widget-container\">\n\t\t\t\t\t\t\t\t\t<div class=\"elementor-button-wrapper\">\n\t\t\t\t\t<a class=\"elementor-button elementor-button-link elementor-size-sm\" href=\"https:\/\/reserves.centreromanic.com\/reserva-online\/sant-climent-de-tauumlll-vall-de-boi-la\/ca\" target=\"_blank\">\n\t\t\t\t\t\t<span class=\"elementor-button-content-wrapper\">\n\t\t\t\t\t\t\t\t\t<span class=\"elementor-button-text\">Comprar entrada a Sant Climent de Ta\u00fcll<\/span>\n\t\t\t\t\t<\/span>\n\t\t\t\t\t<\/a>\n\t\t\t\t<\/div>\n\t\t\t\t\t\t\t\t<\/div>\n\t\t\t\t<\/div>\n\t\t\t\t<div class=\"elementor-element elementor-element-940c957 elementor-align-left elementor-mobile-align-center elementor-widget elementor-widget-button\" data-id=\"940c957\" data-element_type=\"widget\" data-e-type=\"widget\" data-widget_type=\"button.default\">\n\t\t\t\t<div class=\"elementor-widget-container\">\n\t\t\t\t\t\t\t\t\t<div class=\"elementor-button-wrapper\">\n\t\t\t\t\t<a class=\"elementor-button elementor-button-link elementor-size-sm\" href=\"https:\/\/reserves.centreromanic.com\/reserva-online\/entrada-conjunta-romanico-3-iglesias\/ca\" target=\"_blank\">\n\t\t\t\t\t\t<span class=\"elementor-button-content-wrapper\">\n\t\t\t\t\t\t\t\t\t<span class=\"elementor-button-text\">Comprar entrada conjunta 3 iglesias<\/span>\n\t\t\t\t\t<\/span>\n\t\t\t\t\t<\/a>\n\t\t\t\t<\/div>\n\t\t\t\t\t\t\t\t<\/div>\n\t\t\t\t<\/div>\n\t\t\t\t<div class=\"elementor-element elementor-element-82c7c37 elementor-align-left elementor-mobile-align-center elementor-widget elementor-widget-button\" data-id=\"82c7c37\" data-element_type=\"widget\" data-e-type=\"widget\" data-widget_type=\"button.default\">\n\t\t\t\t<div class=\"elementor-widget-container\">\n\t\t\t\t\t\t\t\t\t<div class=\"elementor-button-wrapper\">\n\t\t\t\t\t<a class=\"elementor-button elementor-button-link elementor-size-sm\" href=\"https:\/\/reserves.centreromanic.com\/reserva-online\/entrada-conjunta-romanico-5-iglesias\/ca\" target=\"_blank\">\n\t\t\t\t\t\t<span class=\"elementor-button-content-wrapper\">\n\t\t\t\t\t\t\t\t\t<span class=\"elementor-button-text\"> Comprar entrada conjunta 5 iglesias<\/span>\n\t\t\t\t\t<\/span>\n\t\t\t\t\t<\/a>\n\t\t\t\t<\/div>\n\t\t\t\t\t\t\t\t<\/div>\n\t\t\t\t<\/div>\n\t\t\t\t\t<\/div>\n\t\t<\/div>\n\t\t\t\t\t<\/div>\n\t\t<\/section>\n\t\t\t\t<section class=\"elementor-section elementor-top-section elementor-element elementor-element-d415bb6 elementor-section-boxed elementor-section-height-default elementor-section-height-default\" data-id=\"d415bb6\" data-element_type=\"section\" data-e-type=\"section\">\n\t\t\t\t\t\t<div class=\"elementor-container elementor-column-gap-default\">\n\t\t\t\t\t<div class=\"elementor-column elementor-col-100 elementor-top-column elementor-element elementor-element-f4aa451\" data-id=\"f4aa451\" data-element_type=\"column\" data-e-type=\"column\">\n\t\t\t<div class=\"elementor-widget-wrap elementor-element-populated\">\n\t\t\t\t\t\t<div class=\"elementor-element elementor-element-f4feb93 elementor-widget elementor-widget-heading\" data-id=\"f4feb93\" data-element_type=\"widget\" data-e-type=\"widget\" data-widget_type=\"heading.default\">\n\t\t\t\t<div class=\"elementor-widget-container\">\n\t\t\t\t\t<h3 class=\"elementor-heading-title elementor-size-default\">Una presentaci\u00f3n innovadora de las pinturas rom\u00e1nicas<\/h3>\t\t\t\t<\/div>\n\t\t\t\t<\/div>\n\t\t\t\t<div class=\"elementor-element elementor-element-f1f0ac4 elementor-widget elementor-widget-video\" data-id=\"f1f0ac4\" data-element_type=\"widget\" data-e-type=\"widget\" data-settings=\"{&quot;video_type&quot;:&quot;vimeo&quot;}\" data-widget_type=\"video.default\">\n\t\t\t\t<div class=\"elementor-widget-container\">\n\t\t\t\t\t\t\t<div class=\"elementor-wrapper elementor-open-inline\">\n\t\t\t<iframe class=\"elementor-video-iframe\" allowfullscreen allow=\"clipboard-write\" title=\"Reproductor de v\u00eddeo vimeo\" src=\"https:\/\/player.vimeo.com\/video\/87114296?color&amp;autopause=0&amp;loop=0&amp;muted=0&amp;title=1&amp;portrait=1&amp;byline=0#t=\"><\/iframe>\t\t<\/div>\n\t\t\t\t\t\t<\/div>\n\t\t\t\t<\/div>\n\t\t\t\t<section class=\"elementor-section elementor-inner-section elementor-element elementor-element-da89168 elementor-section-boxed elementor-section-height-default elementor-section-height-default\" data-id=\"da89168\" data-element_type=\"section\" data-e-type=\"section\" data-settings=\"{&quot;background_background&quot;:&quot;classic&quot;}\">\n\t\t\t\t\t\t<div class=\"elementor-container elementor-column-gap-default\">\n\t\t\t\t\t<div class=\"elementor-column elementor-col-100 elementor-inner-column elementor-element elementor-element-3b4cc24\" data-id=\"3b4cc24\" data-element_type=\"column\" data-e-type=\"column\">\n\t\t\t<div class=\"elementor-widget-wrap elementor-element-populated\">\n\t\t\t\t\t\t<div class=\"elementor-element elementor-element-d5451cd elementor-widget elementor-widget-heading\" data-id=\"d5451cd\" data-element_type=\"widget\" data-e-type=\"widget\" data-widget_type=\"heading.default\">\n\t\t\t\t<div class=\"elementor-widget-container\">\n\t\t\t\t\t<h3 class=\"elementor-heading-title elementor-size-default\">Saber m\u00e1s<\/h3>\t\t\t\t<\/div>\n\t\t\t\t<\/div>\n\t\t\t\t<div class=\"elementor-element elementor-element-81ce6b3 elementor-icon-list--layout-traditional elementor-list-item-link-full_width elementor-widget elementor-widget-icon-list\" data-id=\"81ce6b3\" data-element_type=\"widget\" data-e-type=\"widget\" data-widget_type=\"icon-list.default\">\n\t\t\t\t<div class=\"elementor-widget-container\">\n\t\t\t\t\t\t\t<ul class=\"elementor-icon-list-items\">\n\t\t\t\t\t\t\t<li class=\"elementor-icon-list-item\">\n\t\t\t\t\t\t\t\t\t\t\t<a href=\"https:\/\/www.youtube.com\/playlist?list=PLR_E_85NaaaFxRk7lS2dYu4vVHurbplNW\" target=\"_blank\">\n\n\t\t\t\t\t\t\t\t\t\t\t\t<span class=\"elementor-icon-list-icon\">\n\t\t\t\t\t\t\t<i aria-hidden=\"true\" class=\"fas fa-arrow-circle-right\"><\/i>\t\t\t\t\t\t<\/span>\n\t\t\t\t\t\t\t\t\t\t<span class=\"elementor-icon-list-text\">Nueva configuraci\u00f3n del abside de Sant Climent de Ta\u00fcll<\/span>\n\t\t\t\t\t\t\t\t\t\t\t<\/a>\n\t\t\t\t\t\t\t\t\t<\/li>\n\t\t\t\t\t\t\t\t<li class=\"elementor-icon-list-item\">\n\t\t\t\t\t\t\t\t\t\t\t<a href=\"https:\/\/pantocrator.cat\/\" target=\"_blank\">\n\n\t\t\t\t\t\t\t\t\t\t\t\t<span class=\"elementor-icon-list-icon\">\n\t\t\t\t\t\t\t<i aria-hidden=\"true\" class=\"fas fa-arrow-circle-right\"><\/i>\t\t\t\t\t\t<\/span>\n\t\t\t\t\t\t\t\t\t\t<span class=\"elementor-icon-list-text\">Mapping de Sant Climent de Ta\u00fcll by Burzon*Comenge &amp; Playmodes <\/span>\n\t\t\t\t\t\t\t\t\t\t\t<\/a>\n\t\t\t\t\t\t\t\t\t<\/li>\n\t\t\t\t\t\t<\/ul>\n\t\t\t\t\t\t<\/div>\n\t\t\t\t<\/div>\n\t\t\t\t\t<\/div>\n\t\t<\/div>\n\t\t\t\t\t<\/div>\n\t\t<\/section>\n\t\t\t\t\t<\/div>\n\t\t<\/div>\n\t\t\t\t\t<\/div>\n\t\t<\/section>\n\t\t\t\t<section class=\"elementor-section elementor-top-section elementor-element elementor-element-5cc3819 elementor-hidden-desktop elementor-hidden-tablet elementor-hidden-mobile elementor-section-boxed elementor-section-height-default elementor-section-height-default\" data-id=\"5cc3819\" data-element_type=\"section\" data-e-type=\"section\" data-settings=\"{&quot;background_background&quot;:&quot;classic&quot;}\">\n\t\t\t\t\t\t<div class=\"elementor-container elementor-column-gap-default\">\n\t\t\t\t\t<div class=\"elementor-column elementor-col-100 elementor-top-column elementor-element elementor-element-bbc0830\" data-id=\"bbc0830\" data-element_type=\"column\" data-e-type=\"column\">\n\t\t\t<div class=\"elementor-widget-wrap elementor-element-populated\">\n\t\t\t\t\t\t<section class=\"elementor-section elementor-inner-section elementor-element elementor-element-a358188 elementor-section-boxed elementor-section-height-default elementor-section-height-default\" data-id=\"a358188\" data-element_type=\"section\" data-e-type=\"section\">\n\t\t\t\t\t\t<div class=\"elementor-container elementor-column-gap-no\">\n\t\t\t\t\t<div class=\"elementor-column elementor-col-50 elementor-inner-column elementor-element elementor-element-474f0eb\" data-id=\"474f0eb\" data-element_type=\"column\" data-e-type=\"column\">\n\t\t\t<div class=\"elementor-widget-wrap elementor-element-populated\">\n\t\t\t\t\t\t<div class=\"elementor-element elementor-element-c54a7e4 elementor-widget elementor-widget-heading\" data-id=\"c54a7e4\" data-element_type=\"widget\" data-e-type=\"widget\" data-widget_type=\"heading.default\">\n\t\t\t\t<div class=\"elementor-widget-container\">\n\t\t\t\t\t<h2 class=\"elementor-heading-title elementor-size-default\">Mapping did\u00e1ctico<\/h2>\t\t\t\t<\/div>\n\t\t\t\t<\/div>\n\t\t\t\t<div class=\"elementor-element elementor-element-c08cce8 elementor-widget elementor-widget-text-editor\" data-id=\"c08cce8\" data-element_type=\"widget\" data-e-type=\"widget\" data-widget_type=\"text-editor.default\">\n\t\t\t\t<div class=\"elementor-widget-container\">\n\t\t\t\t\t\t\t\t\t<p>El v\u00eddeo mapping comentado de Sant Climent de Ta\u00fcll es un recurso educativo dirigido a centros escolares y grupos interesados en profundizar en el conocimiento del rom\u00e1nico en su tiempo libre.<\/p>\n<p>Se ofrece con reserva previa, en cuatro idiomas: catal\u00e1n, castellano, ingl\u00e9s y franc\u00e9s.<\/p>\n<p>El v\u00eddeo mapping comentado tiene una duraci\u00f3n de unos 20 minutos y el precio de la reserva es de 30,00\u20ac por grupo + entrada a la iglesia.<\/p>\n<p>Para reservar este recurso contacten con el <strong>Centro del Rom\u00e1nico<\/strong> al <strong>973 69 67 15<\/strong> o <strong>info@centreromanic.com<\/strong>.<\/p>\n\t\t\t\t\t\t\t\t<\/div>\n\t\t\t\t<\/div>\n\t\t\t\t\t<\/div>\n\t\t<\/div>\n\t\t\t\t<div class=\"elementor-column elementor-col-50 elementor-inner-column elementor-element elementor-element-574486f\" data-id=\"574486f\" data-element_type=\"column\" data-e-type=\"column\" data-settings=\"{&quot;background_background&quot;:&quot;classic&quot;}\">\n\t\t\t<div class=\"elementor-widget-wrap elementor-element-populated\">\n\t\t\t\t\t\t<div class=\"elementor-element elementor-element-90f9785 elementor-widget elementor-widget-spacer\" data-id=\"90f9785\" data-element_type=\"widget\" data-e-type=\"widget\" data-widget_type=\"spacer.default\">\n\t\t\t\t<div class=\"elementor-widget-container\">\n\t\t\t\t\t\t\t<div class=\"elementor-spacer\">\n\t\t\t<div class=\"elementor-spacer-inner\"><\/div>\n\t\t<\/div>\n\t\t\t\t\t\t<\/div>\n\t\t\t\t<\/div>\n\t\t\t\t\t<\/div>\n\t\t<\/div>\n\t\t\t\t\t<\/div>\n\t\t<\/section>\n\t\t\t\t\t<\/div>\n\t\t<\/div>\n\t\t\t\t\t<\/div>\n\t\t<\/section>\n\t\t\t\t<\/div>\n\t\t","protected":false},"excerpt":{"rendered":"<p>Video Mapping Las pinturas rom\u00e1nicas de la iglesia de Sant Climent de Ta\u00fcll, una de las joyas m\u00e1s importantes del rom\u00e1nico catal\u00e1n tiene una innovadora presentaci\u00f3n a trav\u00e9s de un video mapping que recrea los frescos originales en el \u00e1bside mayor y el presbiterio de la nave central. La pintura original data del siglo XII [&hellip;]<\/p>\n","protected":false},"author":1,"featured_media":4649,"parent":0,"menu_order":0,"comment_status":"closed","ping_status":"closed","template":"elementor_header_footer","meta":{"footnotes":""},"class_list":["post-4998","page","type-page","status-publish","has-post-thumbnail","hentry"],"aioseo_notices":[],"_links":{"self":[{"href":"https:\/\/www.centreromanic.com\/es\/wp-json\/wp\/v2\/pages\/4998","targetHints":{"allow":["GET"]}}],"collection":[{"href":"https:\/\/www.centreromanic.com\/es\/wp-json\/wp\/v2\/pages"}],"about":[{"href":"https:\/\/www.centreromanic.com\/es\/wp-json\/wp\/v2\/types\/page"}],"author":[{"embeddable":true,"href":"https:\/\/www.centreromanic.com\/es\/wp-json\/wp\/v2\/users\/1"}],"replies":[{"embeddable":true,"href":"https:\/\/www.centreromanic.com\/es\/wp-json\/wp\/v2\/comments?post=4998"}],"version-history":[{"count":0,"href":"https:\/\/www.centreromanic.com\/es\/wp-json\/wp\/v2\/pages\/4998\/revisions"}],"wp:featuredmedia":[{"embeddable":true,"href":"https:\/\/www.centreromanic.com\/es\/wp-json\/wp\/v2\/media\/4649"}],"wp:attachment":[{"href":"https:\/\/www.centreromanic.com\/es\/wp-json\/wp\/v2\/media?parent=4998"}],"curies":[{"name":"wp","href":"https:\/\/api.w.org\/{rel}","templated":true}]}}