{"id":15794,"date":"2022-03-21T18:22:19","date_gmt":"2022-03-21T16:22:19","guid":{"rendered":"https:\/\/www.centreromanic.com\/avertissement-legal\/"},"modified":"2026-02-12T12:34:12","modified_gmt":"2026-02-12T10:34:12","slug":"avertissement-legal","status":"publish","type":"page","link":"https:\/\/www.centreromanic.com\/fr\/avertissement-legal\/","title":{"rendered":"Avertissement l\u00e9gal"},"content":{"rendered":"\t\t<div data-elementor-type=\"wp-page\" data-elementor-id=\"15794\" class=\"elementor elementor-15794 elementor-1857\" data-elementor-post-type=\"page\">\n\t\t\t\t\t\t<section class=\"elementor-section elementor-top-section elementor-element elementor-element-42c259f elementor-section-boxed elementor-section-height-default elementor-section-height-default\" data-id=\"42c259f\" data-element_type=\"section\" data-e-type=\"section\">\n\t\t\t\t\t\t<div class=\"elementor-container elementor-column-gap-default\">\n\t\t\t\t\t<div class=\"elementor-column elementor-col-100 elementor-top-column elementor-element elementor-element-0d86788\" data-id=\"0d86788\" data-element_type=\"column\" data-e-type=\"column\">\n\t\t\t<div class=\"elementor-widget-wrap elementor-element-populated\">\n\t\t\t\t\t\t<div class=\"elementor-element elementor-element-b20385f elementor-widget elementor-widget-heading\" data-id=\"b20385f\" data-element_type=\"widget\" data-e-type=\"widget\" data-widget_type=\"heading.default\">\n\t\t\t\t<div class=\"elementor-widget-container\">\n\t\t\t\t\t<h2 class=\"elementor-heading-title elementor-size-default\">Avertissement l\u00e9gal<\/h2>\t\t\t\t<\/div>\n\t\t\t\t<\/div>\n\t\t\t\t<div class=\"elementor-element elementor-element-b1ac025 elementor-widget elementor-widget-text-editor\" data-id=\"b1ac025\" data-element_type=\"widget\" data-e-type=\"widget\" data-widget_type=\"text-editor.default\">\n\t\t\t\t<div class=\"elementor-widget-container\">\n\t\t\t\t\t\t\t\t\t<ul>\n<li>Ceci est un site web que le Centre del Rom\u00e0nic de la Vall de Bo\u00ed met \u00e0 la disposition de tous les utilisateurs et utilisatrices du r\u00e9seau Internet. Son objectif est de fournir service et information \u00e0 tous ces utilisateurs et utilisatrices et, de m\u00eame, de promouvoir et faire conna\u00eetre le Romanique de la Vall de Bo\u00ed.<\/li>\n<li>Tous les droits sont r\u00e9serv\u00e9s. La modification du site web ou de ses contenus n\u2019est pas autoris\u00e9e.<\/li>\n<li>Le Centre del Rom\u00e0nic de la Vall de Bo\u00ed n\u2019est pas responsable du contenu, de l\u2019exactitude ni de la mise \u00e0 jour des informations provenant d\u2019autres personnes physiques ou morales qui figurent sur le site web ou qui y sont renvoy\u00e9es via des liens ou d\u2019autres syst\u00e8mes.<\/li>\n<li>Le Centre del Rom\u00e0nic de la Vall de Bo\u00ed n\u2019est pas responsable de l\u2019utilisation par des tiers des informations contenues, bien qu\u2019il faille se conformer aux avertissements figurant dans certains documents et applications.<\/li>\n<li>Le Centre del Rom\u00e0nic de la Vall de Bo\u00ed ne garantit pas que le site web et le serveur soient exempts de virus et n\u2019est pas responsable des dommages caus\u00e9s par l\u2019acc\u00e8s au site web ou par l\u2019impossibilit\u00e9 d\u2019y acc\u00e9der.<\/li>\n<li>Ce site web et tous ses contenus, y compris les textes, images, sons, bases de donn\u00e9es et tout autre mat\u00e9riel, sont la propri\u00e9t\u00e9 du Centre del Rom\u00e0nic de la Vall de Bo\u00ed ou de tiers.<\/li>\n<li>Le Centre del Rom\u00e0nic de la Vall de Bo\u00ed se r\u00e9serve le droit de changer, modifier, \u00e9tendre les contenus, informations, applications, etc. de ce site web \u00e0 tout moment et sans pr\u00e9avis.<\/li>\n<li>L\u2019int\u00e9r\u00eat du Centre del Rom\u00e0nic de la Vall de Bo\u00ed est que ce site web fonctionne avec une efficacit\u00e9 maximale et remplisse la finalit\u00e9 pour laquelle il a \u00e9t\u00e9 cr\u00e9\u00e9 et est maintenu, en mettant tous les moyens raisonnables pour y parvenir, mais il ne se responsabilise pas des \u00e9ventuels dysfonctionnements et anomalies de son fonctionnement.<\/li>\n<li>Le Centre del Rom\u00e0nic de la Vall de Bo\u00ed pourra modifier les termes et conditions qui apparaissent sur cette page web et, par cons\u00e9quent, nous vous conseillons de les consulter \u00e0 une p\u00e9riodicit\u00e9 raisonnable au cas o\u00f9 des changements y seraient apport\u00e9s. Toutes les modifications qui seront introduites entreront en vigueur au moment m\u00eame de leur publication sur ce site web.<\/li>\n<li>L\u2019utilisation de ce site web implique l\u2019acceptation des termes et conditions contenus dans cette page web.<\/li>\n<li>Conform\u00e9ment \u00e0 l\u2019application du R\u00e8glement g\u00e9n\u00e9ral sur la protection des donn\u00e9es de l\u2019Union europ\u00e9enne (RGPD, le Consorci del Patrimoni Mundial de la Vall de Bo\u00ed a modifi\u00e9 sa Politique de confidentialit\u00e9 (https:\/\/www.centreromanic.com\/ca\/politicadeprivacitat), qui r\u00e9git le traitement de vos donn\u00e9es \u00e0 caract\u00e8re personnel dans votre relation avec le Consortium.<\/li>\n<li>Dans plusieurs sections du site web, il y a des formulaires \u00e0 la disposition des utilisateurs dans lesquels des donn\u00e9es \u00e0 caract\u00e8re personnel sont demand\u00e9es afin de r\u00e9pondre aux requ\u00eates.<\/li>\n<li>En conformit\u00e9 avec le RGPD, toutes les donn\u00e9es que vous nous transmettez via le site web seront trait\u00e9es conform\u00e9ment \u00e0 la l\u00e9gislation en vigueur et ne seront en aucun cas c\u00e9d\u00e9es \u00e0 des tiers sans l\u2019autorisation expresse des personnes concern\u00e9es.<\/li>\n<li>\u00c0 tout moment, vous pouvez exercer vos droits d\u2019acc\u00e8s, de rectification, de suppression, d\u2019opposition au traitement et de demande de limitation concernant les donn\u00e9es personnelles fournies, en pr\u00e9sentant une lettre \u00e0 l\u2019adresse postale du Consorci del Patrimoni Mundial de la Vall de Bo\u00ed, carrer del Batall\u00f3 num 5, 25527 Erill la Vall (Vall de Bo\u00ed, Lleida) Info@centreromanic.com, en indiquant comme objet \u00ab\u202fRGPD, Exercici Drets\u202f\u00bb. \u00c0 cette fin, nous mettons \u00e0 votre disposition un formulaire de demande d\u2019exercice de vos droits (https:\/\/www.centreromanic.com\/ca\/protecci\u00f3dedades) en mati\u00e8re de protection des donn\u00e9es personnelles, que vous pouvez remplir et nous envoyer soit par courrier postal soit par courrier \u00e9lectronique dans les termes indiqu\u00e9s.&nbsp;<\/li>\n<\/ul>\n<p>Pour toute clarification, information, suggestion, plainte, etc., vous pouvez nous contacter \u00e0\u202f:<\/p><p><br><\/p>\n<p><strong>Centre del Rom\u00e0nic de la Vall de Bo\u00ed<\/strong><br>C\/ del Batall\u00f3, 5&nbsp;<\/p>\n<p>25528 Erill la Vall<\/p>\n<p>Tel. 973 696 715<\/p>\n<p>info@centreromanic.com<\/p>\n<p><\/p>\t\t\t\t\t\t\t\t<\/div>\n\t\t\t\t<\/div>\n\t\t\t\t\t<\/div>\n\t\t<\/div>\n\t\t\t\t\t<\/div>\n\t\t<\/section>\n\t\t\t\t<\/div>\n\t\t","protected":false},"excerpt":{"rendered":"<p>Avertissement l\u00e9gal Ceci est un site web que le Centre del Rom\u00e0nic de la Vall de Bo\u00ed met \u00e0 la disposition de tous les utilisateurs et utilisatrices du r\u00e9seau Internet. Son objectif est de fournir service et information \u00e0 tous ces utilisateurs et utilisatrices et, de m\u00eame, de promouvoir et faire conna\u00eetre le Romanique de [&hellip;]<\/p>\n","protected":false},"author":1,"featured_media":0,"parent":0,"menu_order":0,"comment_status":"closed","ping_status":"closed","template":"elementor_header_footer","meta":{"footnotes":""},"class_list":["post-15794","page","type-page","status-publish","hentry"],"aioseo_notices":[],"_links":{"self":[{"href":"https:\/\/www.centreromanic.com\/fr\/wp-json\/wp\/v2\/pages\/15794","targetHints":{"allow":["GET"]}}],"collection":[{"href":"https:\/\/www.centreromanic.com\/fr\/wp-json\/wp\/v2\/pages"}],"about":[{"href":"https:\/\/www.centreromanic.com\/fr\/wp-json\/wp\/v2\/types\/page"}],"author":[{"embeddable":true,"href":"https:\/\/www.centreromanic.com\/fr\/wp-json\/wp\/v2\/users\/1"}],"replies":[{"embeddable":true,"href":"https:\/\/www.centreromanic.com\/fr\/wp-json\/wp\/v2\/comments?post=15794"}],"version-history":[{"count":0,"href":"https:\/\/www.centreromanic.com\/fr\/wp-json\/wp\/v2\/pages\/15794\/revisions"}],"wp:attachment":[{"href":"https:\/\/www.centreromanic.com\/fr\/wp-json\/wp\/v2\/media?parent=15794"}],"curies":[{"name":"wp","href":"https:\/\/api.w.org\/{rel}","templated":true}]}}